{"id":682,"date":"2025-08-29T06:58:48","date_gmt":"2025-08-29T11:58:48","guid":{"rendered":"https:\/\/apusamay.com\/?page_id=682"},"modified":"2025-10-06T13:42:22","modified_gmt":"2025-10-06T18:42:22","slug":"politica-de-privacidad","status":"publish","type":"page","link":"https:\/\/apusamay.com\/en\/politica-de-privacidad\/","title":{"rendered":"Privacy policy"},"content":{"rendered":"<div data-elementor-type=\"wp-page\" data-elementor-id=\"682\" class=\"elementor elementor-682\" data-elementor-post-type=\"page\">\n\t\t\t\t<div data-particle_enable=\"false\" data-particle-mobile-disabled=\"false\" class=\"elementor-element elementor-element-b4b91ee e-flex e-con-boxed e-con e-parent\" data-id=\"b4b91ee\" data-element_type=\"container\" data-e-type=\"container\" data-settings=\"{&quot;background_background&quot;:&quot;classic&quot;}\">\n\t\t\t\t\t<div class=\"e-con-inner\">\n\t\t\t\t<div class=\"elementor-element elementor-element-e681e76 elementor-widget elementor-widget-eael-breadcrumbs\" data-id=\"e681e76\" data-element_type=\"widget\" data-e-type=\"widget\" data-widget_type=\"eael-breadcrumbs.default\">\n\t\t\t\t<div class=\"elementor-widget-container\">\n\t\t\t\t\t\t\t<div class=\"eael-breadcrumbs\">\n\t\t\t<div class=\"eael-breadcrumbs__content\"><a href=\"https:\/\/apusamay.com\/en\">Home<\/a> <span class=\"eael-breadcrumb-separator\">&gt;<\/span> <span class = \"eael-current\">Page<\/span><\/div>\t\t<\/div>\n\t\t\t\t\t\t<\/div>\n\t\t\t\t<\/div>\n\t\t\t\t\t<\/div>\n\t\t\t\t<\/div>\n\t\t<div data-particle_enable=\"false\" data-particle-mobile-disabled=\"false\" class=\"elementor-element elementor-element-52c69eb e-flex e-con-boxed e-con e-parent\" data-id=\"52c69eb\" data-element_type=\"container\" data-e-type=\"container\">\n\t\t\t\t\t<div class=\"e-con-inner\">\n\t\t\t\t<div class=\"elementor-element elementor-element-e3c38f5 elementor-widget elementor-widget-text-editor\" data-id=\"e3c38f5\" data-element_type=\"widget\" data-e-type=\"widget\" data-widget_type=\"text-editor.default\">\n\t\t\t\t\t\t\t\t\t<p><strong>1. Introducci\u00f3n<\/strong><\/p><p>En nuestro lodge, la privacidad de nuestros hu\u00e9spedes es de suma importancia. Esta Pol\u00edtica de Privacidad explica c\u00f3mo recopilamos, usamos, protegemos y compartimos la informaci\u00f3n personal que obtenemos a trav\u00e9s de nuestro sitio web y servicios.<\/p><p><strong>2. Informaci\u00f3n que Recopilamos<\/strong><\/p><p>Recopilamos informaci\u00f3n personal que usted nos proporciona al realizar una reserva o interactuar con nuestro sitio web. Esta informaci\u00f3n puede incluir su nombre, direcci\u00f3n, n\u00famero de tel\u00e9fono, direcci\u00f3n de correo electr\u00f3nico, detalles de la tarjeta de cr\u00e9dito, y otra informaci\u00f3n necesaria para procesar su reserva.<\/p><p><strong>3. Uso de la Informaci\u00f3n<\/strong><\/p><p>Utilizamos su informaci\u00f3n personal para:<\/p><ul><li>Procesar y confirmar reservas.<\/li><li>Gestionar su estancia en el hotel.<\/li><li>Enviar comunicaciones importantes sobre su reserva o estancia.<\/li><li>Mejorar nuestros servicios y personalizar su experiencia.<\/li><li>Cumplir con obligaciones legales.<\/li><\/ul><div>\u00a0<\/div><p><strong>4. Protecci\u00f3n de la Informaci\u00f3n<\/strong><\/p><p>Tomamos medidas razonables para proteger su informaci\u00f3n personal contra el acceso no autorizado, la alteraci\u00f3n, la divulgaci\u00f3n o la destrucci\u00f3n. Sin embargo, ninguna medida de seguridad es completamente infalible, y no podemos garantizar la seguridad absoluta de su informaci\u00f3n.<\/p><p><strong>5. Compartir Informaci\u00f3n con Terceros<\/strong><\/p><p>No compartimos su informaci\u00f3n personal con terceros, excepto cuando sea necesario para procesar su reserva (por ejemplo, procesadores de pagos), cumplir con la ley, o responder a solicitudes legales.<\/p><p><strong>6. Cookies y Tecnolog\u00edas Similares<\/strong><\/p><p>Utilizamos cookies y tecnolog\u00edas similares para mejorar su experiencia en el sitio web. Las cookies nos permiten reconocer su dispositivo y personalizar su visita, como guardar preferencias de idioma o recordar su informaci\u00f3n de inicio de sesi\u00f3n.<\/p><p><strong>7. Sus Derechos<\/strong><\/p><p>Usted tiene el derecho de acceder, corregir, o solicitar la eliminaci\u00f3n de su informaci\u00f3n personal. Si desea ejercer estos derechos, puede contactarnos a trav\u00e9s de los medios disponibles en el sitio web.<\/p><p><strong>8. Enlaces a Otros Sitios Web<\/strong><\/p><p>Nuestro sitio web puede contener enlaces a otros sitios web que no est\u00e1n bajo nuestro control. No nos hacemos responsables de las pr\u00e1cticas de privacidad de estos sitios. Le recomendamos que lea las pol\u00edticas de privacidad de esos sitios.<\/p><p><strong>9. Cambios en la Pol\u00edtica de Privacidad<\/strong><\/p><p>Nos reservamos el derecho de actualizar esta Pol\u00edtica de Privacidad en cualquier momento. Cualquier cambio ser\u00e1 publicado en esta secci\u00f3n y entrar\u00e1 en vigencia inmediatamente despu\u00e9s de su publicaci\u00f3n.<\/p><p><strong>10. Contacto<\/strong><\/p><p>Si tiene preguntas o inquietudes sobre nuestra Pol\u00edtica de Privacidad, no dude en contactarnos a trav\u00e9s de los medios de contacto disponibles en el sitio web.<\/p>\t\t\t\t\t\t\t\t<\/div>\n\t\t\t\t\t<\/div>\n\t\t\t\t<\/div>\n\t\t\t\t<\/div>","protected":false},"excerpt":{"rendered":"<p>Home &gt; P\u00e1gina 1. Introducci\u00f3n En nuestro lodge, la privacidad de nuestros hu\u00e9spedes es de suma importancia. Esta Pol\u00edtica de Privacidad explica c\u00f3mo recopilamos, usamos, protegemos y compartimos la informaci\u00f3n personal que obtenemos a trav\u00e9s de nuestro sitio web y servicios. 2. Informaci\u00f3n que Recopilamos Recopilamos informaci\u00f3n personal que usted nos proporciona al realizar una [&hellip;]<\/p>","protected":false},"author":2,"featured_media":0,"parent":0,"menu_order":0,"comment_status":"closed","ping_status":"closed","template":"elementor_header_footer","meta":{"footnotes":""},"class_list":["post-682","page","type-page","status-publish","hentry"],"_links":{"self":[{"href":"https:\/\/apusamay.com\/en\/wp-json\/wp\/v2\/pages\/682","targetHints":{"allow":["GET"]}}],"collection":[{"href":"https:\/\/apusamay.com\/en\/wp-json\/wp\/v2\/pages"}],"about":[{"href":"https:\/\/apusamay.com\/en\/wp-json\/wp\/v2\/types\/page"}],"author":[{"embeddable":true,"href":"https:\/\/apusamay.com\/en\/wp-json\/wp\/v2\/users\/2"}],"replies":[{"embeddable":true,"href":"https:\/\/apusamay.com\/en\/wp-json\/wp\/v2\/comments?post=682"}],"version-history":[{"count":0,"href":"https:\/\/apusamay.com\/en\/wp-json\/wp\/v2\/pages\/682\/revisions"}],"wp:attachment":[{"href":"https:\/\/apusamay.com\/en\/wp-json\/wp\/v2\/media?parent=682"}],"curies":[{"name":"wp","href":"https:\/\/api.w.org\/{rel}","templated":true}]}}