{"id":693,"date":"2025-08-29T07:03:38","date_gmt":"2025-08-29T12:03:38","guid":{"rendered":"https:\/\/apusamay.com\/?page_id=693"},"modified":"2025-10-09T11:46:59","modified_gmt":"2025-10-09T16:46:59","slug":"terminos-y-condiciones","status":"publish","type":"page","link":"https:\/\/apusamay.com\/en\/terminos-y-condiciones\/","title":{"rendered":"Terms and Conditions"},"content":{"rendered":"<div data-elementor-type=\"wp-page\" data-elementor-id=\"693\" class=\"elementor elementor-693\" data-elementor-post-type=\"page\">\n\t\t\t\t<div data-particle_enable=\"false\" data-particle-mobile-disabled=\"false\" class=\"elementor-element elementor-element-b4b91ee e-flex e-con-boxed e-con e-parent\" data-id=\"b4b91ee\" data-element_type=\"container\" data-e-type=\"container\" data-settings=\"{&quot;background_background&quot;:&quot;classic&quot;}\">\n\t\t\t\t\t<div class=\"e-con-inner\">\n\t\t\t\t<div class=\"elementor-element elementor-element-a0c1f21 elementor-widget elementor-widget-eael-breadcrumbs\" data-id=\"a0c1f21\" data-element_type=\"widget\" data-e-type=\"widget\" data-widget_type=\"eael-breadcrumbs.default\">\n\t\t\t\t<div class=\"elementor-widget-container\">\n\t\t\t\t\t\t\t<div class=\"eael-breadcrumbs\">\n\t\t\t<div class=\"eael-breadcrumbs__content\"><a href=\"https:\/\/apusamay.com\/en\">Home<\/a> <span class=\"eael-breadcrumb-separator\">&gt;<\/span> <span class = \"eael-current\">Page<\/span><\/div>\t\t<\/div>\n\t\t\t\t\t\t<\/div>\n\t\t\t\t<\/div>\n\t\t\t\t\t<\/div>\n\t\t\t\t<\/div>\n\t\t<div data-particle_enable=\"false\" data-particle-mobile-disabled=\"false\" class=\"elementor-element elementor-element-52c69eb e-flex e-con-boxed e-con e-parent\" data-id=\"52c69eb\" data-element_type=\"container\" data-e-type=\"container\">\n\t\t\t\t\t<div class=\"e-con-inner\">\n\t\t\t\t<div class=\"elementor-element elementor-element-e3c38f5 elementor-widget elementor-widget-text-editor\" data-id=\"e3c38f5\" data-element_type=\"widget\" data-e-type=\"widget\" data-widget_type=\"text-editor.default\">\n\t\t\t\t\t\t\t\t\t<p><strong>1. Acceptance of Terms<\/strong><\/p><p>By accessing or using our website and our services, you agree to comply with these terms and conditions. If you do not agree with these terms, we ask that you not use the site or our services.<\/p><p><strong>2. Use of the Web Site<\/strong><\/p><p>This website is intended for your personal use only and not for commercial exploitation. You agree to not use the site for any purpose that is unlawful or prohibited by these terms.<\/p><p><strong>3. Reservations and Payments<\/strong><\/p><p>Reservations made on our website are subject to availability and acceptance of our terms of use. Payments must be made according to the payment policies in force at the time of booking. The hotel reserves the right to cancel any reservation in case of non-compliance with the requirements of payment.<\/p><p><strong>4. Cancellation policy<\/strong><\/p><p>Cancellations and changes to bookings must be made within the time limit set out in our cancellation policy. If the cancellation is made outside of this period, additional charges may apply.<\/p><p><strong>5. Responsibility<\/strong><\/p><p>The hotel is not responsible for any damage, loss or prejudice suffered during your stay in the hotel or in the use of our facilities, except in case of negligence on the part of the hotel.<\/p><p><strong>6. Modification of Terms<\/strong><\/p><p>The hotel reserves the right to modify or update these terms and conditions at any time. Any changes will be posted in this section and shall enter into force immediately after their publication.<\/p><p><strong>7. Intellectual Property<\/strong><\/p><p>All contents of this web site, including text, images, logos, and other materials, are the property of the hotel and are protected by intellectual property laws.<\/p><p><strong>8. Applicable Law<\/strong><\/p><p>These terms are governed by the laws of the country in which the hotel operates. Any dispute shall be settled at the competent courts of that jurisdiction.<\/p>\t\t\t\t\t\t\t\t<\/div>\n\t\t\t\t\t<\/div>\n\t\t\t\t<\/div>\n\t\t\t\t<\/div>","protected":false},"excerpt":{"rendered":"<p>Home &gt; P\u00e1gina 1. Aceptaci\u00f3n de los T\u00e9rminos Al acceder o utilizar nuestro sitio web y los servicios del hotel, usted acepta cumplir con estos t\u00e9rminos y condiciones. Si no est\u00e1 de acuerdo con estos t\u00e9rminos, le solicitamos que no utilice nuestro sitio o nuestros servicios. 2. Uso del Sitio Web Este sitio web est\u00e1 [&hellip;]<\/p>","protected":false},"author":2,"featured_media":0,"parent":0,"menu_order":0,"comment_status":"closed","ping_status":"closed","template":"elementor_header_footer","meta":{"footnotes":""},"class_list":["post-693","page","type-page","status-publish","hentry"],"_links":{"self":[{"href":"https:\/\/apusamay.com\/en\/wp-json\/wp\/v2\/pages\/693","targetHints":{"allow":["GET"]}}],"collection":[{"href":"https:\/\/apusamay.com\/en\/wp-json\/wp\/v2\/pages"}],"about":[{"href":"https:\/\/apusamay.com\/en\/wp-json\/wp\/v2\/types\/page"}],"author":[{"embeddable":true,"href":"https:\/\/apusamay.com\/en\/wp-json\/wp\/v2\/users\/2"}],"replies":[{"embeddable":true,"href":"https:\/\/apusamay.com\/en\/wp-json\/wp\/v2\/comments?post=693"}],"version-history":[{"count":0,"href":"https:\/\/apusamay.com\/en\/wp-json\/wp\/v2\/pages\/693\/revisions"}],"wp:attachment":[{"href":"https:\/\/apusamay.com\/en\/wp-json\/wp\/v2\/media?parent=693"}],"curies":[{"name":"wp","href":"https:\/\/api.w.org\/{rel}","templated":true}]}}