{"id":698,"date":"2025-08-29T07:05:16","date_gmt":"2025-08-29T12:05:16","guid":{"rendered":"https:\/\/apusamay.com\/?page_id=698"},"modified":"2025-10-06T13:39:37","modified_gmt":"2025-10-06T18:39:37","slug":"preguntas-frecuentes","status":"publish","type":"page","link":"https:\/\/apusamay.com\/en\/preguntas-frecuentes\/","title":{"rendered":"Preguntas Frecuentes"},"content":{"rendered":"<div data-elementor-type=\"wp-page\" data-elementor-id=\"698\" class=\"elementor elementor-698\" data-elementor-post-type=\"page\">\n\t\t\t\t<div data-particle_enable=\"false\" data-particle-mobile-disabled=\"false\" class=\"elementor-element elementor-element-b4b91ee e-flex e-con-boxed e-con e-parent\" data-id=\"b4b91ee\" data-element_type=\"container\" data-e-type=\"container\" data-settings=\"{&quot;background_background&quot;:&quot;classic&quot;}\">\n\t\t\t\t\t<div class=\"e-con-inner\">\n\t\t\t\t<div class=\"elementor-element elementor-element-ad35aec elementor-widget elementor-widget-eael-breadcrumbs\" data-id=\"ad35aec\" data-element_type=\"widget\" data-e-type=\"widget\" data-widget_type=\"eael-breadcrumbs.default\">\n\t\t\t\t<div class=\"elementor-widget-container\">\n\t\t\t\t\t\t\t<div class=\"eael-breadcrumbs\">\n\t\t\t<div class=\"eael-breadcrumbs__content\"><a href=\"https:\/\/apusamay.com\/en\">Home<\/a> <span class=\"eael-breadcrumb-separator\">&gt;<\/span> <span class = \"eael-current\">Page<\/span><\/div>\t\t<\/div>\n\t\t\t\t\t\t<\/div>\n\t\t\t\t<\/div>\n\t\t\t\t\t<\/div>\n\t\t\t\t<\/div>\n\t\t<div data-particle_enable=\"false\" data-particle-mobile-disabled=\"false\" class=\"elementor-element elementor-element-52c69eb e-flex e-con-boxed e-con e-parent\" data-id=\"52c69eb\" data-element_type=\"container\" data-e-type=\"container\" data-settings=\"{&quot;background_background&quot;:&quot;classic&quot;}\">\n\t\t\t\t\t<div class=\"e-con-inner\">\n\t\t\t\t<div class=\"elementor-element elementor-element-80edbb0 elementor-widget elementor-widget-n-accordion\" data-id=\"80edbb0\" data-element_type=\"widget\" data-e-type=\"widget\" data-settings=\"{&quot;default_state&quot;:&quot;all_collapsed&quot;,&quot;max_items_expended&quot;:&quot;one&quot;,&quot;n_accordion_animation_duration&quot;:{&quot;unit&quot;:&quot;ms&quot;,&quot;size&quot;:400,&quot;sizes&quot;:[]}}\" data-widget_type=\"nested-accordion.default\">\n\t\t\t\t\t\t\t<div class=\"e-n-accordion\" aria-label=\"Accordion. Open links with Enter or Space, close with Escape, and navigate with Arrow Keys\">\n\t\t\t\t\t\t<details id=\"e-n-accordion-item-1350\" class=\"e-n-accordion-item\" >\n\t\t\t\t<summary class=\"e-n-accordion-item-title\" data-accordion-index=\"1\" tabindex=\"0\" aria-expanded=\"false\" aria-controls=\"e-n-accordion-item-1350\" >\n\t\t\t\t\t<span class='e-n-accordion-item-title-header'><div class=\"e-n-accordion-item-title-text\"> \u00bfCu\u00e1ntas habitaciones tiene Apu Samay Lodge? <\/div><\/span>\n\t\t\t\t\t\t\t<span class='e-n-accordion-item-title-icon'>\n\t\t\t<span class='e-opened' ><svg xmlns=\"http:\/\/www.w3.org\/2000\/svg\" width=\"45\" height=\"18\" viewbox=\"0 0 45 18\" fill=\"none\"><path d=\"M22.8962 -9.34601e-05C22.3863 -9.34601e-05 21.876 0.14653 21.4867 0.439405L1.55104 15.4394C0.77205 16.0255 0.77205 16.9747 1.55104 17.5604C2.33002 18.1462 3.59145 18.1465 4.36994 17.5604L22.8962 3.62091L41.4224 17.5604C42.2014 18.1465 43.4628 18.1465 44.2413 17.5604C45.0198 16.9743 45.0203 16.0252 44.2413 15.4394L24.3056 0.439405C23.9164 0.14653 23.406 -9.34601e-05 22.8962 -9.34601e-05Z\" fill=\"#859945\"><\/path><\/svg><\/span>\n\t\t\t<span class='e-closed'><svg xmlns=\"http:\/\/www.w3.org\/2000\/svg\" width=\"45\" height=\"18\" viewbox=\"0 0 45 18\" fill=\"none\"><path d=\"M22.8987 18.0001C23.4086 18.0001 23.919 17.8535 24.3082 17.5606L44.2439 2.56059C45.0229 1.97447 45.0229 1.02534 44.2439 0.439594C43.4649 -0.146156 42.2035 -0.146531 41.425 0.439594L22.8987 14.3791L4.37251 0.439594C3.59352 -0.146531 2.33209 -0.146531 1.5536 0.439594C0.775108 1.02572 0.774612 1.97484 1.5536 2.56059L21.4893 17.5606C21.8785 17.8535 22.3889 18.0001 22.8987 18.0001Z\" fill=\"#3D6B31\"><\/path><\/svg><\/span>\n\t\t<\/span>\n\n\t\t\t\t\t\t<\/summary>\n\t\t\t\t<div data-particle_enable=\"false\" data-particle-mobile-disabled=\"false\" role=\"region\" aria-labelledby=\"e-n-accordion-item-1350\" class=\"elementor-element elementor-element-25604ab e-con-full e-flex e-con e-child\" data-id=\"25604ab\" data-element_type=\"container\" data-e-type=\"container\">\n\t\t<div data-particle_enable=\"false\" data-particle-mobile-disabled=\"false\" role=\"region\" aria-labelledby=\"e-n-accordion-item-1350\" class=\"elementor-element elementor-element-7177740 e-flex e-con-boxed e-con e-child\" data-id=\"7177740\" data-element_type=\"container\" data-e-type=\"container\">\n\t\t\t\t\t<div class=\"e-con-inner\">\n\t\t\t\t<div class=\"elementor-element elementor-element-584edc0 elementor-widget__width-initial elementor-widget elementor-widget-text-editor\" data-id=\"584edc0\" data-element_type=\"widget\" data-e-type=\"widget\" data-widget_type=\"text-editor.default\">\n\t\t\t\t\t\t\t\t\t<p>Contamos con siete habitaciones matrimoniales cuidadosamente dise\u00f1adas para ofrecerte una experiencia \u00edntima y c\u00f3moda en medio de la naturaleza.<\/p>\t\t\t\t\t\t\t\t<\/div>\n\t\t\t\t\t<\/div>\n\t\t\t\t<\/div>\n\t\t\t\t<\/div>\n\t\t\t\t\t<\/details>\n\t\t\t\t\t\t<details id=\"e-n-accordion-item-1351\" class=\"e-n-accordion-item\" >\n\t\t\t\t<summary class=\"e-n-accordion-item-title\" data-accordion-index=\"2\" tabindex=\"-1\" aria-expanded=\"false\" aria-controls=\"e-n-accordion-item-1351\" >\n\t\t\t\t\t<span class='e-n-accordion-item-title-header'><div class=\"e-n-accordion-item-title-text\"> \u00bfCu\u00e1l es el horario de check-in y check-out? <\/div><\/span>\n\t\t\t\t\t\t\t<span class='e-n-accordion-item-title-icon'>\n\t\t\t<span class='e-opened' ><svg xmlns=\"http:\/\/www.w3.org\/2000\/svg\" width=\"45\" height=\"18\" viewbox=\"0 0 45 18\" fill=\"none\"><path d=\"M22.8962 -9.34601e-05C22.3863 -9.34601e-05 21.876 0.14653 21.4867 0.439405L1.55104 15.4394C0.77205 16.0255 0.77205 16.9747 1.55104 17.5604C2.33002 18.1462 3.59145 18.1465 4.36994 17.5604L22.8962 3.62091L41.4224 17.5604C42.2014 18.1465 43.4628 18.1465 44.2413 17.5604C45.0198 16.9743 45.0203 16.0252 44.2413 15.4394L24.3056 0.439405C23.9164 0.14653 23.406 -9.34601e-05 22.8962 -9.34601e-05Z\" fill=\"#859945\"><\/path><\/svg><\/span>\n\t\t\t<span class='e-closed'><svg xmlns=\"http:\/\/www.w3.org\/2000\/svg\" width=\"45\" height=\"18\" viewbox=\"0 0 45 18\" fill=\"none\"><path d=\"M22.8987 18.0001C23.4086 18.0001 23.919 17.8535 24.3082 17.5606L44.2439 2.56059C45.0229 1.97447 45.0229 1.02534 44.2439 0.439594C43.4649 -0.146156 42.2035 -0.146531 41.425 0.439594L22.8987 14.3791L4.37251 0.439594C3.59352 -0.146531 2.33209 -0.146531 1.5536 0.439594C0.775108 1.02572 0.774612 1.97484 1.5536 2.56059L21.4893 17.5606C21.8785 17.8535 22.3889 18.0001 22.8987 18.0001Z\" fill=\"#3D6B31\"><\/path><\/svg><\/span>\n\t\t<\/span>\n\n\t\t\t\t\t\t<\/summary>\n\t\t\t\t<div data-particle_enable=\"false\" data-particle-mobile-disabled=\"false\" role=\"region\" aria-labelledby=\"e-n-accordion-item-1351\" class=\"elementor-element elementor-element-cc725e9 e-con-full e-flex e-con e-child\" data-id=\"cc725e9\" data-element_type=\"container\" data-e-type=\"container\">\n\t\t<div data-particle_enable=\"false\" data-particle-mobile-disabled=\"false\" role=\"region\" aria-labelledby=\"e-n-accordion-item-1351\" class=\"elementor-element elementor-element-959eb6a e-flex e-con-boxed e-con e-child\" data-id=\"959eb6a\" data-element_type=\"container\" data-e-type=\"container\">\n\t\t\t\t\t<div class=\"e-con-inner\">\n\t\t\t\t<div class=\"elementor-element elementor-element-5ae9840 elementor-widget__width-initial elementor-widget elementor-widget-text-editor\" data-id=\"5ae9840\" data-element_type=\"widget\" data-e-type=\"widget\" data-widget_type=\"text-editor.default\">\n\t\t\t\t\t\t\t\t\t<p><strong>Check-in:<\/strong> A partir de las 3:00 PM.<br \/><strong>Check-out:<\/strong> Hasta las 11:00 AM.<\/p><p>Si necesitas horarios especiales, por favor cont\u00e1ctanos con antelaci\u00f3n<\/p>\t\t\t\t\t\t\t\t<\/div>\n\t\t\t\t\t<\/div>\n\t\t\t\t<\/div>\n\t\t\t\t<\/div>\n\t\t\t\t\t<\/details>\n\t\t\t\t\t\t<details id=\"e-n-accordion-item-1352\" class=\"e-n-accordion-item\" >\n\t\t\t\t<summary class=\"e-n-accordion-item-title\" data-accordion-index=\"3\" tabindex=\"-1\" aria-expanded=\"false\" aria-controls=\"e-n-accordion-item-1352\" >\n\t\t\t\t\t<span class='e-n-accordion-item-title-header'><div class=\"e-n-accordion-item-title-text\">  \u00bfD\u00f3nde se encuentra Apu Samay Lodge? <\/div><\/span>\n\t\t\t\t\t\t\t<span class='e-n-accordion-item-title-icon'>\n\t\t\t<span class='e-opened' ><svg xmlns=\"http:\/\/www.w3.org\/2000\/svg\" width=\"45\" height=\"18\" viewbox=\"0 0 45 18\" fill=\"none\"><path d=\"M22.8962 -9.34601e-05C22.3863 -9.34601e-05 21.876 0.14653 21.4867 0.439405L1.55104 15.4394C0.77205 16.0255 0.77205 16.9747 1.55104 17.5604C2.33002 18.1462 3.59145 18.1465 4.36994 17.5604L22.8962 3.62091L41.4224 17.5604C42.2014 18.1465 43.4628 18.1465 44.2413 17.5604C45.0198 16.9743 45.0203 16.0252 44.2413 15.4394L24.3056 0.439405C23.9164 0.14653 23.406 -9.34601e-05 22.8962 -9.34601e-05Z\" fill=\"#859945\"><\/path><\/svg><\/span>\n\t\t\t<span class='e-closed'><svg xmlns=\"http:\/\/www.w3.org\/2000\/svg\" width=\"45\" height=\"18\" viewbox=\"0 0 45 18\" fill=\"none\"><path d=\"M22.8987 18.0001C23.4086 18.0001 23.919 17.8535 24.3082 17.5606L44.2439 2.56059C45.0229 1.97447 45.0229 1.02534 44.2439 0.439594C43.4649 -0.146156 42.2035 -0.146531 41.425 0.439594L22.8987 14.3791L4.37251 0.439594C3.59352 -0.146531 2.33209 -0.146531 1.5536 0.439594C0.775108 1.02572 0.774612 1.97484 1.5536 2.56059L21.4893 17.5606C21.8785 17.8535 22.3889 18.0001 22.8987 18.0001Z\" fill=\"#3D6B31\"><\/path><\/svg><\/span>\n\t\t<\/span>\n\n\t\t\t\t\t\t<\/summary>\n\t\t\t\t<div data-particle_enable=\"false\" data-particle-mobile-disabled=\"false\" role=\"region\" aria-labelledby=\"e-n-accordion-item-1352\" class=\"elementor-element elementor-element-e770fa8 e-con-full e-flex e-con e-child\" data-id=\"e770fa8\" data-element_type=\"container\" data-e-type=\"container\">\n\t\t<div data-particle_enable=\"false\" data-particle-mobile-disabled=\"false\" role=\"region\" aria-labelledby=\"e-n-accordion-item-1352\" class=\"elementor-element elementor-element-dd4c5ef e-flex e-con-boxed e-con e-child\" data-id=\"dd4c5ef\" data-element_type=\"container\" data-e-type=\"container\">\n\t\t\t\t\t<div class=\"e-con-inner\">\n\t\t\t\t<div class=\"elementor-element elementor-element-907a995 elementor-widget__width-initial elementor-widget elementor-widget-text-editor\" data-id=\"907a995\" data-element_type=\"widget\" data-e-type=\"widget\" data-widget_type=\"text-editor.default\">\n\t\t\t\t\t\t\t\t\t<p>Estamos ubicados en Las Palmas, ex carretera a Bello Horizonte SN, referencia ex Galletera, en Tarapoto, San Mart\u00edn, Per\u00fa. A tan solo 7 km del Aeropuerto Cadete FAP Guillermo del Castillo Paredes.<\/p>\t\t\t\t\t\t\t\t<\/div>\n\t\t\t\t\t<\/div>\n\t\t\t\t<\/div>\n\t\t\t\t<\/div>\n\t\t\t\t\t<\/details>\n\t\t\t\t\t\t<details id=\"e-n-accordion-item-1353\" class=\"e-n-accordion-item\" >\n\t\t\t\t<summary class=\"e-n-accordion-item-title\" data-accordion-index=\"4\" tabindex=\"-1\" aria-expanded=\"false\" aria-controls=\"e-n-accordion-item-1353\" >\n\t\t\t\t\t<span class='e-n-accordion-item-title-header'><div class=\"e-n-accordion-item-title-text\"> \u00bfSe admiten mascotas? <\/div><\/span>\n\t\t\t\t\t\t\t<span class='e-n-accordion-item-title-icon'>\n\t\t\t<span class='e-opened' ><svg xmlns=\"http:\/\/www.w3.org\/2000\/svg\" width=\"45\" height=\"18\" viewbox=\"0 0 45 18\" fill=\"none\"><path d=\"M22.8962 -9.34601e-05C22.3863 -9.34601e-05 21.876 0.14653 21.4867 0.439405L1.55104 15.4394C0.77205 16.0255 0.77205 16.9747 1.55104 17.5604C2.33002 18.1462 3.59145 18.1465 4.36994 17.5604L22.8962 3.62091L41.4224 17.5604C42.2014 18.1465 43.4628 18.1465 44.2413 17.5604C45.0198 16.9743 45.0203 16.0252 44.2413 15.4394L24.3056 0.439405C23.9164 0.14653 23.406 -9.34601e-05 22.8962 -9.34601e-05Z\" fill=\"#859945\"><\/path><\/svg><\/span>\n\t\t\t<span class='e-closed'><svg xmlns=\"http:\/\/www.w3.org\/2000\/svg\" width=\"45\" height=\"18\" viewbox=\"0 0 45 18\" fill=\"none\"><path d=\"M22.8987 18.0001C23.4086 18.0001 23.919 17.8535 24.3082 17.5606L44.2439 2.56059C45.0229 1.97447 45.0229 1.02534 44.2439 0.439594C43.4649 -0.146156 42.2035 -0.146531 41.425 0.439594L22.8987 14.3791L4.37251 0.439594C3.59352 -0.146531 2.33209 -0.146531 1.5536 0.439594C0.775108 1.02572 0.774612 1.97484 1.5536 2.56059L21.4893 17.5606C21.8785 17.8535 22.3889 18.0001 22.8987 18.0001Z\" fill=\"#3D6B31\"><\/path><\/svg><\/span>\n\t\t<\/span>\n\n\t\t\t\t\t\t<\/summary>\n\t\t\t\t<div data-particle_enable=\"false\" data-particle-mobile-disabled=\"false\" role=\"region\" aria-labelledby=\"e-n-accordion-item-1353\" class=\"elementor-element elementor-element-89f5a14 e-con-full e-flex e-con e-child\" data-id=\"89f5a14\" data-element_type=\"container\" data-e-type=\"container\">\n\t\t<div data-particle_enable=\"false\" data-particle-mobile-disabled=\"false\" role=\"region\" aria-labelledby=\"e-n-accordion-item-1353\" class=\"elementor-element elementor-element-280d665 e-flex e-con-boxed e-con e-child\" data-id=\"280d665\" data-element_type=\"container\" data-e-type=\"container\">\n\t\t\t\t\t<div class=\"e-con-inner\">\n\t\t\t\t<div class=\"elementor-element elementor-element-470801c elementor-widget__width-initial elementor-widget elementor-widget-text-editor\" data-id=\"470801c\" data-element_type=\"widget\" data-e-type=\"widget\" data-widget_type=\"text-editor.default\">\n\t\t\t\t\t\t\t\t\t<p>S\u00ed, aceptamos mascotas. Te recomendamos informarnos con antelaci\u00f3n para asegurarnos de que tu mascota tenga una estancia c\u00f3moda.<\/p>\t\t\t\t\t\t\t\t<\/div>\n\t\t\t\t\t<\/div>\n\t\t\t\t<\/div>\n\t\t\t\t<\/div>\n\t\t\t\t\t<\/details>\n\t\t\t\t\t\t<details id=\"e-n-accordion-item-1354\" class=\"e-n-accordion-item\" >\n\t\t\t\t<summary class=\"e-n-accordion-item-title\" data-accordion-index=\"5\" tabindex=\"-1\" aria-expanded=\"false\" aria-controls=\"e-n-accordion-item-1354\" >\n\t\t\t\t\t<span class='e-n-accordion-item-title-header'><div class=\"e-n-accordion-item-title-text\"> \u00bfQu\u00e9 opciones de comida ofrece el Lodge? <\/div><\/span>\n\t\t\t\t\t\t\t<span class='e-n-accordion-item-title-icon'>\n\t\t\t<span class='e-opened' ><svg xmlns=\"http:\/\/www.w3.org\/2000\/svg\" width=\"45\" height=\"18\" viewbox=\"0 0 45 18\" fill=\"none\"><path d=\"M22.8962 -9.34601e-05C22.3863 -9.34601e-05 21.876 0.14653 21.4867 0.439405L1.55104 15.4394C0.77205 16.0255 0.77205 16.9747 1.55104 17.5604C2.33002 18.1462 3.59145 18.1465 4.36994 17.5604L22.8962 3.62091L41.4224 17.5604C42.2014 18.1465 43.4628 18.1465 44.2413 17.5604C45.0198 16.9743 45.0203 16.0252 44.2413 15.4394L24.3056 0.439405C23.9164 0.14653 23.406 -9.34601e-05 22.8962 -9.34601e-05Z\" fill=\"#859945\"><\/path><\/svg><\/span>\n\t\t\t<span class='e-closed'><svg xmlns=\"http:\/\/www.w3.org\/2000\/svg\" width=\"45\" height=\"18\" viewbox=\"0 0 45 18\" fill=\"none\"><path d=\"M22.8987 18.0001C23.4086 18.0001 23.919 17.8535 24.3082 17.5606L44.2439 2.56059C45.0229 1.97447 45.0229 1.02534 44.2439 0.439594C43.4649 -0.146156 42.2035 -0.146531 41.425 0.439594L22.8987 14.3791L4.37251 0.439594C3.59352 -0.146531 2.33209 -0.146531 1.5536 0.439594C0.775108 1.02572 0.774612 1.97484 1.5536 2.56059L21.4893 17.5606C21.8785 17.8535 22.3889 18.0001 22.8987 18.0001Z\" fill=\"#3D6B31\"><\/path><\/svg><\/span>\n\t\t<\/span>\n\n\t\t\t\t\t\t<\/summary>\n\t\t\t\t<div data-particle_enable=\"false\" data-particle-mobile-disabled=\"false\" role=\"region\" aria-labelledby=\"e-n-accordion-item-1354\" class=\"elementor-element elementor-element-8a941e9 e-con-full e-flex e-con e-child\" data-id=\"8a941e9\" data-element_type=\"container\" data-e-type=\"container\">\n\t\t<div data-particle_enable=\"false\" data-particle-mobile-disabled=\"false\" role=\"region\" aria-labelledby=\"e-n-accordion-item-1354\" class=\"elementor-element elementor-element-0cf7b7a e-flex e-con-boxed e-con e-child\" data-id=\"0cf7b7a\" data-element_type=\"container\" data-e-type=\"container\">\n\t\t\t\t\t<div class=\"e-con-inner\">\n\t\t\t\t<div class=\"elementor-element elementor-element-098b7d1 elementor-widget__width-initial elementor-widget elementor-widget-text-editor\" data-id=\"098b7d1\" data-element_type=\"widget\" data-e-type=\"widget\" data-widget_type=\"text-editor.default\">\n\t\t\t\t\t\t\t\t\t<p>Disponemos de un restaurante que sirve cocina peruana, con opciones de desayuno, almuerzo y cena. Tambi\u00e9n ofrecemos men\u00fas para dietas especiales bajo petici\u00f3n.<\/p>\t\t\t\t\t\t\t\t<\/div>\n\t\t\t\t\t<\/div>\n\t\t\t\t<\/div>\n\t\t\t\t<\/div>\n\t\t\t\t\t<\/details>\n\t\t\t\t\t\t<details id=\"e-n-accordion-item-1355\" class=\"e-n-accordion-item\" >\n\t\t\t\t<summary class=\"e-n-accordion-item-title\" data-accordion-index=\"6\" tabindex=\"-1\" aria-expanded=\"false\" aria-controls=\"e-n-accordion-item-1355\" >\n\t\t\t\t\t<span class='e-n-accordion-item-title-header'><div class=\"e-n-accordion-item-title-text\"> \u00bfQu\u00e9 atracciones populares est\u00e1n cerca de Casa de Campo Apu Samay? <\/div><\/span>\n\t\t\t\t\t\t\t<span class='e-n-accordion-item-title-icon'>\n\t\t\t<span class='e-opened' ><svg xmlns=\"http:\/\/www.w3.org\/2000\/svg\" width=\"45\" height=\"18\" viewbox=\"0 0 45 18\" fill=\"none\"><path d=\"M22.8962 -9.34601e-05C22.3863 -9.34601e-05 21.876 0.14653 21.4867 0.439405L1.55104 15.4394C0.77205 16.0255 0.77205 16.9747 1.55104 17.5604C2.33002 18.1462 3.59145 18.1465 4.36994 17.5604L22.8962 3.62091L41.4224 17.5604C42.2014 18.1465 43.4628 18.1465 44.2413 17.5604C45.0198 16.9743 45.0203 16.0252 44.2413 15.4394L24.3056 0.439405C23.9164 0.14653 23.406 -9.34601e-05 22.8962 -9.34601e-05Z\" fill=\"#859945\"><\/path><\/svg><\/span>\n\t\t\t<span class='e-closed'><svg xmlns=\"http:\/\/www.w3.org\/2000\/svg\" width=\"45\" height=\"18\" viewbox=\"0 0 45 18\" fill=\"none\"><path d=\"M22.8987 18.0001C23.4086 18.0001 23.919 17.8535 24.3082 17.5606L44.2439 2.56059C45.0229 1.97447 45.0229 1.02534 44.2439 0.439594C43.4649 -0.146156 42.2035 -0.146531 41.425 0.439594L22.8987 14.3791L4.37251 0.439594C3.59352 -0.146531 2.33209 -0.146531 1.5536 0.439594C0.775108 1.02572 0.774612 1.97484 1.5536 2.56059L21.4893 17.5606C21.8785 17.8535 22.3889 18.0001 22.8987 18.0001Z\" fill=\"#3D6B31\"><\/path><\/svg><\/span>\n\t\t<\/span>\n\n\t\t\t\t\t\t<\/summary>\n\t\t\t\t<div data-particle_enable=\"false\" data-particle-mobile-disabled=\"false\" role=\"region\" aria-labelledby=\"e-n-accordion-item-1355\" class=\"elementor-element elementor-element-10a0684 e-con-full e-flex e-con e-child\" data-id=\"10a0684\" data-element_type=\"container\" data-e-type=\"container\">\n\t\t<div data-particle_enable=\"false\" data-particle-mobile-disabled=\"false\" role=\"region\" aria-labelledby=\"e-n-accordion-item-1355\" class=\"elementor-element elementor-element-a556492 e-flex e-con-boxed e-con e-child\" data-id=\"a556492\" data-element_type=\"container\" data-e-type=\"container\">\n\t\t\t\t\t<div class=\"e-con-inner\">\n\t\t\t\t<div class=\"elementor-element elementor-element-48e763f elementor-widget__width-initial elementor-widget elementor-widget-text-editor\" data-id=\"48e763f\" data-element_type=\"widget\" data-e-type=\"widget\" data-widget_type=\"text-editor.default\">\n\t\t\t\t\t\t\t\t\t<p>Algunas atracciones cercanas son Catarata Pucayaquillo (6,5 km), Tambo Ilusi\u00f3n hospedaje vegetariano (2,4 km) y Centro Urku (7,5 km).<\/p>\t\t\t\t\t\t\t\t<\/div>\n\t\t\t\t\t<\/div>\n\t\t\t\t<\/div>\n\t\t\t\t<\/div>\n\t\t\t\t\t<\/details>\n\t\t\t\t\t\t<details id=\"e-n-accordion-item-1356\" class=\"e-n-accordion-item\" >\n\t\t\t\t<summary class=\"e-n-accordion-item-title\" data-accordion-index=\"7\" tabindex=\"-1\" aria-expanded=\"false\" aria-controls=\"e-n-accordion-item-1356\" >\n\t\t\t\t\t<span class='e-n-accordion-item-title-header'><div class=\"e-n-accordion-item-title-text\"> \u00bfOfrecen servicio de traslado al aeropuerto? <\/div><\/span>\n\t\t\t\t\t\t\t<span class='e-n-accordion-item-title-icon'>\n\t\t\t<span class='e-opened' ><svg xmlns=\"http:\/\/www.w3.org\/2000\/svg\" width=\"45\" height=\"18\" viewbox=\"0 0 45 18\" fill=\"none\"><path d=\"M22.8962 -9.34601e-05C22.3863 -9.34601e-05 21.876 0.14653 21.4867 0.439405L1.55104 15.4394C0.77205 16.0255 0.77205 16.9747 1.55104 17.5604C2.33002 18.1462 3.59145 18.1465 4.36994 17.5604L22.8962 3.62091L41.4224 17.5604C42.2014 18.1465 43.4628 18.1465 44.2413 17.5604C45.0198 16.9743 45.0203 16.0252 44.2413 15.4394L24.3056 0.439405C23.9164 0.14653 23.406 -9.34601e-05 22.8962 -9.34601e-05Z\" fill=\"#859945\"><\/path><\/svg><\/span>\n\t\t\t<span class='e-closed'><svg xmlns=\"http:\/\/www.w3.org\/2000\/svg\" width=\"45\" height=\"18\" viewbox=\"0 0 45 18\" fill=\"none\"><path d=\"M22.8987 18.0001C23.4086 18.0001 23.919 17.8535 24.3082 17.5606L44.2439 2.56059C45.0229 1.97447 45.0229 1.02534 44.2439 0.439594C43.4649 -0.146156 42.2035 -0.146531 41.425 0.439594L22.8987 14.3791L4.37251 0.439594C3.59352 -0.146531 2.33209 -0.146531 1.5536 0.439594C0.775108 1.02572 0.774612 1.97484 1.5536 2.56059L21.4893 17.5606C21.8785 17.8535 22.3889 18.0001 22.8987 18.0001Z\" fill=\"#3D6B31\"><\/path><\/svg><\/span>\n\t\t<\/span>\n\n\t\t\t\t\t\t<\/summary>\n\t\t\t\t<div data-particle_enable=\"false\" data-particle-mobile-disabled=\"false\" role=\"region\" aria-labelledby=\"e-n-accordion-item-1356\" class=\"elementor-element elementor-element-b0241fb e-con-full e-flex e-con e-child\" data-id=\"b0241fb\" data-element_type=\"container\" data-e-type=\"container\">\n\t\t<div data-particle_enable=\"false\" data-particle-mobile-disabled=\"false\" role=\"region\" aria-labelledby=\"e-n-accordion-item-1356\" class=\"elementor-element elementor-element-7dafd12 e-flex e-con-boxed e-con e-child\" data-id=\"7dafd12\" data-element_type=\"container\" data-e-type=\"container\">\n\t\t\t\t\t<div class=\"e-con-inner\">\n\t\t\t\t<div class=\"elementor-element elementor-element-9a1b92a elementor-widget__width-initial elementor-widget elementor-widget-text-editor\" data-id=\"9a1b92a\" data-element_type=\"widget\" data-e-type=\"widget\" data-widget_type=\"text-editor.default\">\n\t\t\t\t\t\t\t\t\t<p>S\u00ed, ofrecemos traslados gratuitos desde el aeropuerto para nuestros hu\u00e9spedes. Por favor, inf\u00f3rmanos con antelaci\u00f3n sobre tu hora de llegada.<\/p>\t\t\t\t\t\t\t\t<\/div>\n\t\t\t\t\t<\/div>\n\t\t\t\t<\/div>\n\t\t\t\t<\/div>\n\t\t\t\t\t<\/details>\n\t\t\t\t\t<\/div>\n\t\t\t\t\t\t<\/div>\n\t\t\t\t\t<\/div>\n\t\t\t\t<\/div>\n\t\t\t\t<\/div>","protected":false},"excerpt":{"rendered":"<p>Home &gt; P\u00e1gina \u00bfCu\u00e1ntas habitaciones tiene Apu Samay Lodge? Contamos con siete habitaciones matrimoniales cuidadosamente dise\u00f1adas para ofrecerte una experiencia \u00edntima y c\u00f3moda en medio de la naturaleza. \u00bfCu\u00e1l es el horario de check-in y check-out? Check-in: A partir de las 3:00 PM.Check-out: Hasta las 11:00 AM. Si necesitas horarios especiales, por favor cont\u00e1ctanos con [&hellip;]<\/p>","protected":false},"author":2,"featured_media":0,"parent":0,"menu_order":0,"comment_status":"closed","ping_status":"closed","template":"elementor_header_footer","meta":{"footnotes":""},"class_list":["post-698","page","type-page","status-publish","hentry"],"_links":{"self":[{"href":"https:\/\/apusamay.com\/en\/wp-json\/wp\/v2\/pages\/698","targetHints":{"allow":["GET"]}}],"collection":[{"href":"https:\/\/apusamay.com\/en\/wp-json\/wp\/v2\/pages"}],"about":[{"href":"https:\/\/apusamay.com\/en\/wp-json\/wp\/v2\/types\/page"}],"author":[{"embeddable":true,"href":"https:\/\/apusamay.com\/en\/wp-json\/wp\/v2\/users\/2"}],"replies":[{"embeddable":true,"href":"https:\/\/apusamay.com\/en\/wp-json\/wp\/v2\/comments?post=698"}],"version-history":[{"count":0,"href":"https:\/\/apusamay.com\/en\/wp-json\/wp\/v2\/pages\/698\/revisions"}],"wp:attachment":[{"href":"https:\/\/apusamay.com\/en\/wp-json\/wp\/v2\/media?parent=698"}],"curies":[{"name":"wp","href":"https:\/\/api.w.org\/{rel}","templated":true}]}}